{"id":6832,"date":"2025-01-29T10:38:17","date_gmt":"2025-01-29T08:38:17","guid":{"rendered":"https:\/\/easy-plan.net\/declaracion-de-accesibilidad\/"},"modified":"2025-04-01T16:48:22","modified_gmt":"2025-04-01T13:48:22","slug":"declaracion-de-accesibilidad","status":"publish","type":"page","link":"https:\/\/easy-plan.net\/es\/declaracion-de-accesibilidad\/","title":{"rendered":"Declaraci\u00f3n de accesibilidad"},"content":{"rendered":"\t\t<div data-elementor-type=\"wp-page\" data-elementor-id=\"6832\" class=\"elementor elementor-6832 elementor-1808\" data-elementor-post-type=\"page\">\n\t\t\t\t<div class=\"elementor-element elementor-element-9e4254e e-flex e-con-boxed e-con e-parent\" data-id=\"9e4254e\" data-element_type=\"container\" data-e-type=\"container\" data-settings=\"{&quot;background_background&quot;:&quot;classic&quot;}\">\n\t\t\t\t\t<div class=\"e-con-inner\">\n\t\t\t\t<div class=\"elementor-element elementor-element-78a27a9 elementor-widget elementor-widget-heading\" data-id=\"78a27a9\" data-element_type=\"widget\" data-e-type=\"widget\" data-widget_type=\"heading.default\">\n\t\t\t\t<div class=\"elementor-widget-container\">\n\t\t\t\t\t<h2 class=\"elementor-heading-title elementor-size-default\">Declaraci\u00f3n de accesibilidad<\/h2>\t\t\t\t<\/div>\n\t\t\t\t<\/div>\n\t\t\t\t<div class=\"elementor-element elementor-element-4a4a348 elementor-widget elementor-widget-button\" data-id=\"4a4a348\" data-element_type=\"widget\" data-e-type=\"widget\" data-widget_type=\"button.default\">\n\t\t\t\t<div class=\"elementor-widget-container\">\n\t\t\t\t\t\t\t\t\t<div class=\"elementor-button-wrapper\">\n\t\t\t\t\t<a class=\"elementor-button elementor-button-link elementor-size-sm\" href=\"https:\/\/easy-plan.net\/wp-content\/uploads\/2025\/01\/\u05d4\u05e6\u05d4\u05e8\u05ea-\u05e0\u05d2\u05d9\u05e9\u05d5\u05ea_.pdf\" target=\"_blank\">\n\t\t\t\t\t\t<span class=\"elementor-button-content-wrapper\">\n\t\t\t\t\t\t<span class=\"elementor-button-icon\">\n\t\t\t\t<svg aria-hidden=\"true\" class=\"e-font-icon-svg e-far-file-pdf\" viewBox=\"0 0 384 512\" xmlns=\"http:\/\/www.w3.org\/2000\/svg\"><path d=\"M369.9 97.9L286 14C277 5 264.8-.1 252.1-.1H48C21.5 0 0 21.5 0 48v416c0 26.5 21.5 48 48 48h288c26.5 0 48-21.5 48-48V131.9c0-12.7-5.1-25-14.1-34zM332.1 128H256V51.9l76.1 76.1zM48 464V48h160v104c0 13.3 10.7 24 24 24h104v288H48zm250.2-143.7c-12.2-12-47-8.7-64.4-6.5-17.2-10.5-28.7-25-36.8-46.3 3.9-16.1 10.1-40.6 5.4-56-4.2-26.2-37.8-23.6-42.6-5.9-4.4 16.1-.4 38.5 7 67.1-10 23.9-24.9 56-35.4 74.4-20 10.3-47 26.2-51 46.2-3.3 15.8 26 55.2 76.1-31.2 22.4-7.4 46.8-16.5 68.4-20.1 18.9 10.2 41 17 55.8 17 25.5 0 28-28.2 17.5-38.7zm-198.1 77.8c5.1-13.7 24.5-29.5 30.4-35-19 30.3-30.4 35.7-30.4 35zm81.6-190.6c7.4 0 6.7 32.1 1.8 40.8-4.4-13.9-4.3-40.8-1.8-40.8zm-24.4 136.6c9.7-16.9 18-37 24.7-54.7 8.3 15.1 18.9 27.2 30.1 35.5-20.8 4.3-38.9 13.1-54.8 19.2zm131.6-5s-5 6-37.3-7.8c35.1-2.6 40.9 5.4 37.3 7.8z\"><\/path><\/svg>\t\t\t<\/span>\n\t\t\t\t\t\t\t\t\t<span class=\"elementor-button-text\">Para descargar el documento<\/span>\n\t\t\t\t\t<\/span>\n\t\t\t\t\t<\/a>\n\t\t\t\t<\/div>\n\t\t\t\t\t\t\t\t<\/div>\n\t\t\t\t<\/div>\n\t\t\t\t\t<\/div>\n\t\t\t\t<\/div>\n\t\t<div class=\"elementor-element elementor-element-80ea4e8 e-flex e-con-boxed e-con e-parent\" data-id=\"80ea4e8\" data-element_type=\"container\" data-e-type=\"container\">\n\t\t\t\t\t<div class=\"e-con-inner\">\n\t\t\t\t<div class=\"elementor-element elementor-element-1d0e8c4 elementor-widget elementor-widget-text-editor\" data-id=\"1d0e8c4\" data-element_type=\"widget\" data-e-type=\"widget\" data-widget_type=\"text-editor.default\">\n\t\t\t\t<div class=\"elementor-widget-container\">\n\t\t\t\t\t\t\t\t\t<p class=\"p2\" dir=\"ltr\" style=\"text-align: left;\"><b><span style=\"color: #000080;\">declaraci\u00f3n de accesibilidad<\/span> <\/b><\/p><p class=\"p2\" dir=\"ltr\" style=\"text-align: left;\">Invertimos nuestro m\u00e1ximo esfuerzo y muchos recursos para brindar a todos nuestros clientes un servicio equitativo, respetuoso, accesible y profesional. De conformidad con la Ley de igualdad de derechos para las personas con discapacidad de 1998 y los reglamentos promulgados al amparo de ella, se invierten esfuerzos y recursos considerables en realizar los ajustes de accesibilidad necesarios que permitan que una persona con discapacidad reciba los servicios proporcionados a todos los clientes, de manera independiente y equitativa. <\/p><p class=\"p2\" dir=\"ltr\" style=\"text-align: left;\">Formas adicionales de contactarnos: Por correo electr\u00f3nico: <span style=\"color: #000080;\"><a style=\"color: #000080;\" href=\"mailto:Easy1plan@gmail.com\">Easy1plan@gmail.com<\/a><\/span><\/p><p dir=\"ltr\"> <\/p><p class=\"p2\" dir=\"ltr\" style=\"text-align: left;\">Accesibilidad del sitio web Un sitio web accesible es aquel que permite a las personas con discapacidad y a las personas mayores navegar con el mismo nivel de eficiencia y disfrute que el resto de usuarios. Seg\u00fan un estudio realizado en 2003 por Microsoft, entre el 20 y el 25 por ciento de la poblaci\u00f3n tiene dificultades para utilizar Internet y podr\u00eda beneficiarse de contenidos web m\u00e1s accesibles. <\/p><p class=\"p2\" dir=\"ltr\" style=\"text-align: left;\">Nos esforzamos por lograr la igualdad de oportunidades en el espacio de Internet para las personas con diversas discapacidades y aquellos que utilizan tecnolog\u00eda de asistencia para el uso de la computadora.<\/p><p class=\"p2\" dir=\"ltr\" style=\"text-align: left;\">Informaci\u00f3n sobre la accesibilidad del sitio web Se invirtieron esfuerzos considerables en este sitio para cumplir con los requisitos de la Ley de Igualdad de Derechos para las Personas con Discapacidad (Adaptaciones de Accesibilidad al Servicio)<\/p><p class=\"p2\" dir=\"ltr\" style=\"text-align: left;\">Reglamento, 2013. &#8211; Las adecuaciones de accesibilidad se realizaron de acuerdo a las recomendaciones de la Norma de Servicio Local. &#8211; Las pruebas fueron examinadas para garantizar la m\u00e1xima compatibilidad con el navegador Chrome. &#8211; El sitio proporciona una estructura sem\u00e1ntica para tecnolog\u00edas de asistencia y admite el patr\u00f3n de uso com\u00fan para la operaci\u00f3n del teclado utilizando las teclas de flecha, Enter y Esc para salir de los men\u00fas y ventanas. &#8211; Adaptado para su visualizaci\u00f3n en navegadores comunes y para su uso en tel\u00e9fonos m\u00f3viles. &#8211; Para obtener la mejor experiencia de navegaci\u00f3n con el software de lectura de pantalla, recomendamos utilizar la versi\u00f3n m\u00e1s actual del software NVDA. &#8211; Tambi\u00e9n estamos en un proceso avanzado para hacer m\u00e1s accesibles todos los documentos o v\u00eddeos subidos al sitio, algunos de los cuales pueden no ser totalmente accesibles. Si encuentra un documento o v\u00eddeo de este tipo, puede comunicarse con el coordinador de accesibilidad de la empresa y haremos que la informaci\u00f3n sea accesible para usted. &#8211; Proporcionar informaci\u00f3n en un formato accesible \u2013 la empresa ofrece a sus clientes la opci\u00f3n de recibir informaci\u00f3n en formatos accesibles. El suministro de informaci\u00f3n es gratuito y est\u00e1 destinado a personas con discapacidad. Para consultas e informaci\u00f3n sobre accesibilidad, puede contactar con el coordinador de accesibilidad de la empresa, cuyos datos aparecen m\u00e1s adelante en este comunicado. Formas de realizar solicitudes y sugerencias de mejora en materia de accesibilidad Cabe destacar que continuamos con nuestros esfuerzos para mejorar           <\/p><p class=\"p2\" dir=\"ltr\" style=\"text-align: left;\">La accesibilidad de la empresa forma parte de nuestro compromiso de permitir que toda la poblaci\u00f3n, incluidas las personas con discapacidad, reciban el servicio m\u00e1s accesible. Si encuentra alg\u00fan problema o mal funcionamiento relacionado con la accesibilidad, estaremos encantados de que nos lo informe y haremos todo lo posible para encontrar una soluci\u00f3n adecuada para usted y solucionar el mal funcionamiento lo antes posible. <\/p><p class=\"p2\" dir=\"ltr\" style=\"text-align: left;\">Datos del coordinador de accesibilidad de la empresa Nombre: Louka Andreas<\/p><p class=\"p2\" dir=\"ltr\" style=\"text-align: left;\">Correo electr\u00f3nico: <span style=\"color: #0000ff;\"><a style=\"color: #0000ff;\" href=\"mailto:Easy1plan@gmail.com\">Easy1plan@gmail.com<\/a><\/span> Publicaci\u00f3n de la declaraci\u00f3n de accesibilidad 01\/01\/2024<\/p>\t\t\t\t\t\t\t\t<\/div>\n\t\t\t\t<\/div>\n\t\t\t\t\t<\/div>\n\t\t\t\t<\/div>\n\t\t\t\t<\/div>\n\t\t","protected":false},"excerpt":{"rendered":"<p>Declaraci\u00f3n de accesibilidad Para descargar el documento declaraci\u00f3n de accesibilidad Invertimos nuestro m\u00e1ximo esfuerzo y muchos recursos para brindar a todos nuestros clientes un servicio equitativo, respetuoso, accesible y profesional. De conformidad con la Ley de igualdad de derechos para las personas con discapacidad de 1998 y los reglamentos promulgados al amparo de ella, se [&hellip;]<\/p>\n","protected":false},"author":2,"featured_media":0,"parent":0,"menu_order":0,"comment_status":"closed","ping_status":"closed","template":"","meta":{"nf_dc_page":"","footnotes":""},"class_list":["post-6832","page","type-page","status-publish","hentry"],"yoast_head":"<!-- This site is optimized with the Yoast SEO plugin v27.4 - https:\/\/yoast.com\/product\/yoast-seo-wordpress\/ -->\n<title>Declaraci\u00f3n de accesibilidad - \u05e4\u05dc\u05d8\u05e4\u05d5\u05e8\u05de\u05d4 \u05dc\u05e0\u05d9\u05d4\u05d5\u05dc \u05e2\u05e1\u05e7\u05d9\u05dd|Easy-Plan<\/title>\n<meta name=\"robots\" content=\"index, follow, max-snippet:-1, max-image-preview:large, max-video-preview:-1\" \/>\n<link rel=\"canonical\" href=\"https:\/\/easy-plan.net\/es\/declaracion-de-accesibilidad\/\" \/>\n<meta property=\"og:locale\" content=\"es_ES\" \/>\n<meta property=\"og:type\" content=\"article\" \/>\n<meta property=\"og:title\" content=\"Declaraci\u00f3n de accesibilidad - \u05e4\u05dc\u05d8\u05e4\u05d5\u05e8\u05de\u05d4 \u05dc\u05e0\u05d9\u05d4\u05d5\u05dc \u05e2\u05e1\u05e7\u05d9\u05dd|Easy-Plan\" \/>\n<meta property=\"og:description\" content=\"Declaraci\u00f3n de accesibilidad Para descargar el documento declaraci\u00f3n de accesibilidad Invertimos nuestro m\u00e1ximo esfuerzo y muchos recursos para brindar a todos nuestros clientes un servicio equitativo, respetuoso, accesible y profesional. De conformidad con la Ley de igualdad de derechos para las personas con discapacidad de 1998 y los reglamentos promulgados al amparo de ella, se [&hellip;]\" \/>\n<meta property=\"og:url\" content=\"https:\/\/easy-plan.net\/es\/declaracion-de-accesibilidad\/\" \/>\n<meta property=\"og:site_name\" content=\"\u05e4\u05dc\u05d8\u05e4\u05d5\u05e8\u05de\u05d4 \u05dc\u05e0\u05d9\u05d4\u05d5\u05dc \u05e2\u05e1\u05e7\u05d9\u05dd|Easy-Plan\" \/>\n<meta property=\"article:modified_time\" content=\"2025-04-01T13:48:22+00:00\" \/>\n<meta name=\"twitter:card\" content=\"summary_large_image\" \/>\n<meta name=\"twitter:label1\" content=\"Tiempo de lectura\" \/>\n\t<meta name=\"twitter:data1\" content=\"3 minutos\" \/>\n<script type=\"application\/ld+json\" class=\"yoast-schema-graph\">{\"@context\":\"https:\\\/\\\/schema.org\",\"@graph\":[{\"@type\":\"WebPage\",\"@id\":\"https:\\\/\\\/easy-plan.net\\\/es\\\/declaracion-de-accesibilidad\\\/\",\"url\":\"https:\\\/\\\/easy-plan.net\\\/es\\\/declaracion-de-accesibilidad\\\/\",\"name\":\"Declaraci\u00f3n de accesibilidad - \u05e4\u05dc\u05d8\u05e4\u05d5\u05e8\u05de\u05d4 \u05dc\u05e0\u05d9\u05d4\u05d5\u05dc \u05e2\u05e1\u05e7\u05d9\u05dd|Easy-Plan\",\"isPartOf\":{\"@id\":\"https:\\\/\\\/easy-plan.net\\\/es\\\/#website\"},\"datePublished\":\"2025-01-29T08:38:17+00:00\",\"dateModified\":\"2025-04-01T13:48:22+00:00\",\"breadcrumb\":{\"@id\":\"https:\\\/\\\/easy-plan.net\\\/es\\\/declaracion-de-accesibilidad\\\/#breadcrumb\"},\"inLanguage\":\"es\",\"potentialAction\":[{\"@type\":\"ReadAction\",\"target\":[\"https:\\\/\\\/easy-plan.net\\\/es\\\/declaracion-de-accesibilidad\\\/\"]}]},{\"@type\":\"BreadcrumbList\",\"@id\":\"https:\\\/\\\/easy-plan.net\\\/es\\\/declaracion-de-accesibilidad\\\/#breadcrumb\",\"itemListElement\":[{\"@type\":\"ListItem\",\"position\":1,\"name\":\"Home\",\"item\":\"https:\\\/\\\/easy-plan.net\\\/es\\\/hogar\\\/\"},{\"@type\":\"ListItem\",\"position\":2,\"name\":\"Declaraci\u00f3n de accesibilidad\"}]},{\"@type\":\"WebSite\",\"@id\":\"https:\\\/\\\/easy-plan.net\\\/es\\\/#website\",\"url\":\"https:\\\/\\\/easy-plan.net\\\/es\\\/\",\"name\":\"\u05e4\u05dc\u05d8\u05e4\u05d5\u05e8\u05de\u05d4 \u05dc\u05e0\u05d9\u05d4\u05d5\u05dc \u05e2\u05e1\u05e7\u05d9\u05dd|Easy-Plan\",\"description\":\"\u05de\u05e2\u05e8\u05db\u05ea \u05e0\u05d9\u05d4\u05d5\u05dc \u05d7\u05db\u05de\u05d4 \u05dc\u05e2\u05e1\u05e7\u05d9\u05dd\",\"publisher\":{\"@id\":\"https:\\\/\\\/easy-plan.net\\\/es\\\/#organization\"},\"potentialAction\":[{\"@type\":\"SearchAction\",\"target\":{\"@type\":\"EntryPoint\",\"urlTemplate\":\"https:\\\/\\\/easy-plan.net\\\/es\\\/?s={search_term_string}\"},\"query-input\":{\"@type\":\"PropertyValueSpecification\",\"valueRequired\":true,\"valueName\":\"search_term_string\"}}],\"inLanguage\":\"es\"},{\"@type\":\"Organization\",\"@id\":\"https:\\\/\\\/easy-plan.net\\\/es\\\/#organization\",\"name\":\"\u05e4\u05dc\u05d8\u05e4\u05d5\u05e8\u05de\u05d4 \u05dc\u05e0\u05d9\u05d4\u05d5\u05dc \u05e2\u05e1\u05e7\u05d9\u05dd|Easy-Plan\",\"url\":\"https:\\\/\\\/easy-plan.net\\\/es\\\/\",\"logo\":{\"@type\":\"ImageObject\",\"inLanguage\":\"es\",\"@id\":\"https:\\\/\\\/easy-plan.net\\\/es\\\/#\\\/schema\\\/logo\\\/image\\\/\",\"url\":\"https:\\\/\\\/easy-plan.net\\\/wp-content\\\/uploads\\\/2024\\\/12\\\/Easy-Plan-logo-and-slogan-color.png\",\"contentUrl\":\"https:\\\/\\\/easy-plan.net\\\/wp-content\\\/uploads\\\/2024\\\/12\\\/Easy-Plan-logo-and-slogan-color.png\",\"width\":3333,\"height\":833,\"caption\":\"\u05e4\u05dc\u05d8\u05e4\u05d5\u05e8\u05de\u05d4 \u05dc\u05e0\u05d9\u05d4\u05d5\u05dc \u05e2\u05e1\u05e7\u05d9\u05dd|Easy-Plan\"},\"image\":{\"@id\":\"https:\\\/\\\/easy-plan.net\\\/es\\\/#\\\/schema\\\/logo\\\/image\\\/\"}}]}<\/script>\n<!-- \/ Yoast SEO plugin. -->","yoast_head_json":{"title":"Declaraci\u00f3n de accesibilidad - \u05e4\u05dc\u05d8\u05e4\u05d5\u05e8\u05de\u05d4 \u05dc\u05e0\u05d9\u05d4\u05d5\u05dc \u05e2\u05e1\u05e7\u05d9\u05dd|Easy-Plan","robots":{"index":"index","follow":"follow","max-snippet":"max-snippet:-1","max-image-preview":"max-image-preview:large","max-video-preview":"max-video-preview:-1"},"canonical":"https:\/\/easy-plan.net\/es\/declaracion-de-accesibilidad\/","og_locale":"es_ES","og_type":"article","og_title":"Declaraci\u00f3n de accesibilidad - \u05e4\u05dc\u05d8\u05e4\u05d5\u05e8\u05de\u05d4 \u05dc\u05e0\u05d9\u05d4\u05d5\u05dc \u05e2\u05e1\u05e7\u05d9\u05dd|Easy-Plan","og_description":"Declaraci\u00f3n de accesibilidad Para descargar el documento declaraci\u00f3n de accesibilidad Invertimos nuestro m\u00e1ximo esfuerzo y muchos recursos para brindar a todos nuestros clientes un servicio equitativo, respetuoso, accesible y profesional. De conformidad con la Ley de igualdad de derechos para las personas con discapacidad de 1998 y los reglamentos promulgados al amparo de ella, se [&hellip;]","og_url":"https:\/\/easy-plan.net\/es\/declaracion-de-accesibilidad\/","og_site_name":"\u05e4\u05dc\u05d8\u05e4\u05d5\u05e8\u05de\u05d4 \u05dc\u05e0\u05d9\u05d4\u05d5\u05dc \u05e2\u05e1\u05e7\u05d9\u05dd|Easy-Plan","article_modified_time":"2025-04-01T13:48:22+00:00","twitter_card":"summary_large_image","twitter_misc":{"Tiempo de lectura":"3 minutos"},"schema":{"@context":"https:\/\/schema.org","@graph":[{"@type":"WebPage","@id":"https:\/\/easy-plan.net\/es\/declaracion-de-accesibilidad\/","url":"https:\/\/easy-plan.net\/es\/declaracion-de-accesibilidad\/","name":"Declaraci\u00f3n de accesibilidad - \u05e4\u05dc\u05d8\u05e4\u05d5\u05e8\u05de\u05d4 \u05dc\u05e0\u05d9\u05d4\u05d5\u05dc \u05e2\u05e1\u05e7\u05d9\u05dd|Easy-Plan","isPartOf":{"@id":"https:\/\/easy-plan.net\/es\/#website"},"datePublished":"2025-01-29T08:38:17+00:00","dateModified":"2025-04-01T13:48:22+00:00","breadcrumb":{"@id":"https:\/\/easy-plan.net\/es\/declaracion-de-accesibilidad\/#breadcrumb"},"inLanguage":"es","potentialAction":[{"@type":"ReadAction","target":["https:\/\/easy-plan.net\/es\/declaracion-de-accesibilidad\/"]}]},{"@type":"BreadcrumbList","@id":"https:\/\/easy-plan.net\/es\/declaracion-de-accesibilidad\/#breadcrumb","itemListElement":[{"@type":"ListItem","position":1,"name":"Home","item":"https:\/\/easy-plan.net\/es\/hogar\/"},{"@type":"ListItem","position":2,"name":"Declaraci\u00f3n de accesibilidad"}]},{"@type":"WebSite","@id":"https:\/\/easy-plan.net\/es\/#website","url":"https:\/\/easy-plan.net\/es\/","name":"\u05e4\u05dc\u05d8\u05e4\u05d5\u05e8\u05de\u05d4 \u05dc\u05e0\u05d9\u05d4\u05d5\u05dc \u05e2\u05e1\u05e7\u05d9\u05dd|Easy-Plan","description":"\u05de\u05e2\u05e8\u05db\u05ea \u05e0\u05d9\u05d4\u05d5\u05dc \u05d7\u05db\u05de\u05d4 \u05dc\u05e2\u05e1\u05e7\u05d9\u05dd","publisher":{"@id":"https:\/\/easy-plan.net\/es\/#organization"},"potentialAction":[{"@type":"SearchAction","target":{"@type":"EntryPoint","urlTemplate":"https:\/\/easy-plan.net\/es\/?s={search_term_string}"},"query-input":{"@type":"PropertyValueSpecification","valueRequired":true,"valueName":"search_term_string"}}],"inLanguage":"es"},{"@type":"Organization","@id":"https:\/\/easy-plan.net\/es\/#organization","name":"\u05e4\u05dc\u05d8\u05e4\u05d5\u05e8\u05de\u05d4 \u05dc\u05e0\u05d9\u05d4\u05d5\u05dc \u05e2\u05e1\u05e7\u05d9\u05dd|Easy-Plan","url":"https:\/\/easy-plan.net\/es\/","logo":{"@type":"ImageObject","inLanguage":"es","@id":"https:\/\/easy-plan.net\/es\/#\/schema\/logo\/image\/","url":"https:\/\/easy-plan.net\/wp-content\/uploads\/2024\/12\/Easy-Plan-logo-and-slogan-color.png","contentUrl":"https:\/\/easy-plan.net\/wp-content\/uploads\/2024\/12\/Easy-Plan-logo-and-slogan-color.png","width":3333,"height":833,"caption":"\u05e4\u05dc\u05d8\u05e4\u05d5\u05e8\u05de\u05d4 \u05dc\u05e0\u05d9\u05d4\u05d5\u05dc \u05e2\u05e1\u05e7\u05d9\u05dd|Easy-Plan"},"image":{"@id":"https:\/\/easy-plan.net\/es\/#\/schema\/logo\/image\/"}}]}},"_links":{"self":[{"href":"https:\/\/easy-plan.net\/es\/wp-json\/wp\/v2\/pages\/6832","targetHints":{"allow":["GET"]}}],"collection":[{"href":"https:\/\/easy-plan.net\/es\/wp-json\/wp\/v2\/pages"}],"about":[{"href":"https:\/\/easy-plan.net\/es\/wp-json\/wp\/v2\/types\/page"}],"author":[{"embeddable":true,"href":"https:\/\/easy-plan.net\/es\/wp-json\/wp\/v2\/users\/2"}],"replies":[{"embeddable":true,"href":"https:\/\/easy-plan.net\/es\/wp-json\/wp\/v2\/comments?post=6832"}],"version-history":[{"count":3,"href":"https:\/\/easy-plan.net\/es\/wp-json\/wp\/v2\/pages\/6832\/revisions"}],"predecessor-version":[{"id":8124,"href":"https:\/\/easy-plan.net\/es\/wp-json\/wp\/v2\/pages\/6832\/revisions\/8124"}],"wp:attachment":[{"href":"https:\/\/easy-plan.net\/es\/wp-json\/wp\/v2\/media?parent=6832"}],"curies":[{"name":"wp","href":"https:\/\/api.w.org\/{rel}","templated":true}]}}