{"id":7001,"date":"2025-01-29T10:38:17","date_gmt":"2025-01-29T08:38:17","guid":{"rendered":"https:\/\/easy-plan.net\/declaracao-de-acessibilidade\/"},"modified":"2025-04-01T16:48:22","modified_gmt":"2025-04-01T13:48:22","slug":"declaracao-de-acessibilidade","status":"publish","type":"page","link":"https:\/\/easy-plan.net\/pt-br\/declaracao-de-acessibilidade\/","title":{"rendered":"Declara\u00e7\u00e3o de acessibilidade"},"content":{"rendered":"\t\t<div data-elementor-type=\"wp-page\" data-elementor-id=\"7001\" class=\"elementor elementor-7001 elementor-1808\" data-elementor-post-type=\"page\">\n\t\t\t\t<div class=\"elementor-element elementor-element-9e4254e e-flex e-con-boxed e-con e-parent\" data-id=\"9e4254e\" data-element_type=\"container\" data-e-type=\"container\" data-settings=\"{&quot;background_background&quot;:&quot;classic&quot;}\">\n\t\t\t\t\t<div class=\"e-con-inner\">\n\t\t\t\t<div class=\"elementor-element elementor-element-78a27a9 elementor-widget elementor-widget-heading\" data-id=\"78a27a9\" data-element_type=\"widget\" data-e-type=\"widget\" data-widget_type=\"heading.default\">\n\t\t\t\t<div class=\"elementor-widget-container\">\n\t\t\t\t\t<h2 class=\"elementor-heading-title elementor-size-default\">Declara\u00e7\u00e3o de acessibilidade<\/h2>\t\t\t\t<\/div>\n\t\t\t\t<\/div>\n\t\t\t\t<div class=\"elementor-element elementor-element-4a4a348 elementor-widget elementor-widget-button\" data-id=\"4a4a348\" data-element_type=\"widget\" data-e-type=\"widget\" data-widget_type=\"button.default\">\n\t\t\t\t<div class=\"elementor-widget-container\">\n\t\t\t\t\t\t\t\t\t<div class=\"elementor-button-wrapper\">\n\t\t\t\t\t<a class=\"elementor-button elementor-button-link elementor-size-sm\" href=\"https:\/\/easy-plan.net\/wp-content\/uploads\/2025\/01\/\u05d4\u05e6\u05d4\u05e8\u05ea-\u05e0\u05d2\u05d9\u05e9\u05d5\u05ea_.pdf\" target=\"_blank\">\n\t\t\t\t\t\t<span class=\"elementor-button-content-wrapper\">\n\t\t\t\t\t\t<span class=\"elementor-button-icon\">\n\t\t\t\t<svg aria-hidden=\"true\" class=\"e-font-icon-svg e-far-file-pdf\" viewBox=\"0 0 384 512\" xmlns=\"http:\/\/www.w3.org\/2000\/svg\"><path d=\"M369.9 97.9L286 14C277 5 264.8-.1 252.1-.1H48C21.5 0 0 21.5 0 48v416c0 26.5 21.5 48 48 48h288c26.5 0 48-21.5 48-48V131.9c0-12.7-5.1-25-14.1-34zM332.1 128H256V51.9l76.1 76.1zM48 464V48h160v104c0 13.3 10.7 24 24 24h104v288H48zm250.2-143.7c-12.2-12-47-8.7-64.4-6.5-17.2-10.5-28.7-25-36.8-46.3 3.9-16.1 10.1-40.6 5.4-56-4.2-26.2-37.8-23.6-42.6-5.9-4.4 16.1-.4 38.5 7 67.1-10 23.9-24.9 56-35.4 74.4-20 10.3-47 26.2-51 46.2-3.3 15.8 26 55.2 76.1-31.2 22.4-7.4 46.8-16.5 68.4-20.1 18.9 10.2 41 17 55.8 17 25.5 0 28-28.2 17.5-38.7zm-198.1 77.8c5.1-13.7 24.5-29.5 30.4-35-19 30.3-30.4 35.7-30.4 35zm81.6-190.6c7.4 0 6.7 32.1 1.8 40.8-4.4-13.9-4.3-40.8-1.8-40.8zm-24.4 136.6c9.7-16.9 18-37 24.7-54.7 8.3 15.1 18.9 27.2 30.1 35.5-20.8 4.3-38.9 13.1-54.8 19.2zm131.6-5s-5 6-37.3-7.8c35.1-2.6 40.9 5.4 37.3 7.8z\"><\/path><\/svg>\t\t\t<\/span>\n\t\t\t\t\t\t\t\t\t<span class=\"elementor-button-text\">Para baixar o documento<\/span>\n\t\t\t\t\t<\/span>\n\t\t\t\t\t<\/a>\n\t\t\t\t<\/div>\n\t\t\t\t\t\t\t\t<\/div>\n\t\t\t\t<\/div>\n\t\t\t\t\t<\/div>\n\t\t\t\t<\/div>\n\t\t<div class=\"elementor-element elementor-element-80ea4e8 e-flex e-con-boxed e-con e-parent\" data-id=\"80ea4e8\" data-element_type=\"container\" data-e-type=\"container\">\n\t\t\t\t\t<div class=\"e-con-inner\">\n\t\t\t\t<div class=\"elementor-element elementor-element-1d0e8c4 elementor-widget elementor-widget-text-editor\" data-id=\"1d0e8c4\" data-element_type=\"widget\" data-e-type=\"widget\" data-widget_type=\"text-editor.default\">\n\t\t\t\t<div class=\"elementor-widget-container\">\n\t\t\t\t\t\t\t\t\t<p class=\"p2\" dir=\"ltr\" style=\"text-align: left;\"><b><span style=\"color: #000080;\">declara\u00e7\u00e3o de acessibilidade<\/span> <\/b><\/p><p class=\"p2\" dir=\"ltr\" style=\"text-align: left;\">Investimos nossos maiores esfor\u00e7os e muitos recursos para oferecer a todos os nossos clientes um servi\u00e7o justo, respeitoso, acess\u00edvel e profissional. De acordo com a Lei de Igualdade de Direitos para Pessoas com Defici\u00eancia de 1998 e os regulamentos promulgados sob ela, esfor\u00e7os e recursos consider\u00e1veis \u200b\u200bs\u00e3o investidos para fazer os ajustes de acessibilidade necess\u00e1rios que permitir\u00e3o que uma pessoa com defici\u00eancia receba os servi\u00e7os fornecidos a todos os clientes, de forma independente e equitativa. <\/p><p class=\"p2\" dir=\"ltr\" style=\"text-align: left;\">Outras formas de nos contatar: Por e-mail: <span style=\"color: #000080;\"><a style=\"color: #000080;\" href=\"mailto:Easy1plan@gmail.com\">Easy1plan@gmail.com<\/a><\/span><\/p><p dir=\"ltr\"> <\/p><p class=\"p2\" dir=\"ltr\" style=\"text-align: left;\">Acessibilidade do site Um site acess\u00edvel \u00e9 aquele que permite que pessoas com defici\u00eancia e idosos naveguem com o mesmo n\u00edvel de efici\u00eancia e prazer que todos os outros usu\u00e1rios. De acordo com um estudo realizado em 2003 pela Microsoft, cerca de 20 a 25 por cento da popula\u00e7\u00e3o encontra dificuldades para usar a Internet e poderia se beneficiar de conte\u00fado web mais acess\u00edvel. <\/p><p class=\"p2\" dir=\"ltr\" style=\"text-align: left;\">N\u00f3s nos esfor\u00e7amos para oferecer oportunidades iguais no espa\u00e7o da internet para pessoas com diversas defici\u00eancias e aquelas que usam tecnologia assistiva para uso de computadores.<\/p><p class=\"p2\" dir=\"ltr\" style=\"text-align: left;\">Informa\u00e7\u00f5es sobre acessibilidade do site Foram investidos esfor\u00e7os consider\u00e1veis \u200b\u200bneste site para atender aos requisitos da Igualdade de Direitos para Pessoas com Defici\u00eancia (Ajustes de Acessibilidade de Servi\u00e7o)<\/p><p class=\"p2\" dir=\"ltr\" style=\"text-align: left;\">Regulamento, 2013. &#8211; Os ajustes de acessibilidade foram feitos de acordo com as recomenda\u00e7\u00f5es do Padr\u00e3o de Servi\u00e7o Local. &#8211; Os testes foram examinados para obter a mais alta compatibilidade com o navegador Chrome. &#8211; O site fornece uma estrutura sem\u00e2ntica para tecnologias assistivas e suporta o padr\u00e3o de uso comum para opera\u00e7\u00e3o do teclado usando as teclas de seta, Enter e Esc para sair de menus e janelas. &#8211; Adaptado para exibi\u00e7\u00e3o em navegadores comuns e para uso em celulares. &#8211; Para a melhor experi\u00eancia de navega\u00e7\u00e3o com software de leitura de tela, recomendamos usar a vers\u00e3o mais atual do software NVDA. &#8211; Tamb\u00e9m estamos em um processo avan\u00e7ado para tornar todos os documentos ou v\u00eddeos enviados ao site mais acess\u00edveis, alguns dos quais podem n\u00e3o ser totalmente acess\u00edveis. Se voc\u00ea encontrar tal documento ou v\u00eddeo, entre em contato com o coordenador de acessibilidade da empresa e disponibilizaremos as informa\u00e7\u00f5es para voc\u00ea. &#8211; Fornecer informa\u00e7\u00f5es em formato acess\u00edvel \u2013 a empresa oferece aos seus clientes a op\u00e7\u00e3o de receber informa\u00e7\u00f5es em formatos acess\u00edveis. O fornecimento de informa\u00e7\u00f5es \u00e9 gratuito e destinado a pessoas com defici\u00eancia. Para d\u00favidas e informa\u00e7\u00f5es sobre acessibilidade, voc\u00ea pode entrar em contato com o coordenador de acessibilidade da empresa, cujos detalhes aparecem mais adiante nesta declara\u00e7\u00e3o. Formas de fazer solicita\u00e7\u00f5es e sugest\u00f5es de melhorias na acessibilidade Vale ressaltar que continuamos nossos esfor\u00e7os para melhorar           <\/p><p class=\"p2\" dir=\"ltr\" style=\"text-align: left;\">A acessibilidade da empresa faz parte do nosso compromisso de permitir que toda a popula\u00e7\u00e3o, incluindo pessoas com defici\u00eancia, receba o servi\u00e7o mais acess\u00edvel. Caso voc\u00ea encontre algum problema ou mau funcionamento relacionado \u00e0 acessibilidade, teremos prazer em nos informar. Faremos todos os esfor\u00e7os para encontrar uma solu\u00e7\u00e3o adequada para voc\u00ea e lidar com o mau funcionamento o mais r\u00e1pido poss\u00edvel. <\/p><p class=\"p2\" dir=\"ltr\" style=\"text-align: left;\">Detalhes do coordenador de acessibilidade da empresa Nome: Louka Andreas<\/p><p class=\"p2\" dir=\"ltr\" style=\"text-align: left;\">E-mail: <span style=\"color: #0000ff;\"><a style=\"color: #0000ff;\" href=\"mailto:Easy1plan@gmail.com\">Easy1plan@gmail.com<\/a><\/span> Publica\u00e7\u00e3o da declara\u00e7\u00e3o de acessibilidade 01\/01\/2024<\/p>\t\t\t\t\t\t\t\t<\/div>\n\t\t\t\t<\/div>\n\t\t\t\t\t<\/div>\n\t\t\t\t<\/div>\n\t\t\t\t<\/div>\n\t\t","protected":false},"excerpt":{"rendered":"<p>Declara\u00e7\u00e3o de acessibilidade Para baixar o documento declara\u00e7\u00e3o de acessibilidade Investimos nossos maiores esfor\u00e7os e muitos recursos para oferecer a todos os nossos clientes um servi\u00e7o justo, respeitoso, acess\u00edvel e profissional. De acordo com a Lei de Igualdade de Direitos para Pessoas com Defici\u00eancia de 1998 e os regulamentos promulgados sob ela, esfor\u00e7os e recursos [&hellip;]<\/p>\n","protected":false},"author":2,"featured_media":0,"parent":0,"menu_order":0,"comment_status":"closed","ping_status":"closed","template":"","meta":{"nf_dc_page":"","footnotes":""},"class_list":["post-7001","page","type-page","status-publish","hentry"],"yoast_head":"<!-- This site is optimized with the Yoast SEO plugin v27.4 - https:\/\/yoast.com\/product\/yoast-seo-wordpress\/ -->\n<title>Declara\u00e7\u00e3o de acessibilidade - \u05e4\u05dc\u05d8\u05e4\u05d5\u05e8\u05de\u05d4 \u05dc\u05e0\u05d9\u05d4\u05d5\u05dc \u05e2\u05e1\u05e7\u05d9\u05dd|Easy-Plan<\/title>\n<meta name=\"robots\" content=\"index, follow, max-snippet:-1, max-image-preview:large, max-video-preview:-1\" \/>\n<link rel=\"canonical\" href=\"https:\/\/easy-plan.net\/pt-br\/declaracao-de-acessibilidade\/\" \/>\n<meta property=\"og:locale\" content=\"pt_BR\" \/>\n<meta property=\"og:type\" content=\"article\" \/>\n<meta property=\"og:title\" content=\"Declara\u00e7\u00e3o de acessibilidade - \u05e4\u05dc\u05d8\u05e4\u05d5\u05e8\u05de\u05d4 \u05dc\u05e0\u05d9\u05d4\u05d5\u05dc \u05e2\u05e1\u05e7\u05d9\u05dd|Easy-Plan\" \/>\n<meta property=\"og:description\" content=\"Declara\u00e7\u00e3o de acessibilidade Para baixar o documento declara\u00e7\u00e3o de acessibilidade Investimos nossos maiores esfor\u00e7os e muitos recursos para oferecer a todos os nossos clientes um servi\u00e7o justo, respeitoso, acess\u00edvel e profissional. De acordo com a Lei de Igualdade de Direitos para Pessoas com Defici\u00eancia de 1998 e os regulamentos promulgados sob ela, esfor\u00e7os e recursos [&hellip;]\" \/>\n<meta property=\"og:url\" content=\"https:\/\/easy-plan.net\/pt-br\/declaracao-de-acessibilidade\/\" \/>\n<meta property=\"og:site_name\" content=\"\u05e4\u05dc\u05d8\u05e4\u05d5\u05e8\u05de\u05d4 \u05dc\u05e0\u05d9\u05d4\u05d5\u05dc \u05e2\u05e1\u05e7\u05d9\u05dd|Easy-Plan\" \/>\n<meta property=\"article:modified_time\" content=\"2025-04-01T13:48:22+00:00\" \/>\n<meta name=\"twitter:card\" content=\"summary_large_image\" \/>\n<meta name=\"twitter:label1\" content=\"Est. tempo de leitura\" \/>\n\t<meta name=\"twitter:data1\" content=\"3 minutos\" \/>\n<script type=\"application\/ld+json\" class=\"yoast-schema-graph\">{\"@context\":\"https:\\\/\\\/schema.org\",\"@graph\":[{\"@type\":\"WebPage\",\"@id\":\"https:\\\/\\\/easy-plan.net\\\/pt-br\\\/declaracao-de-acessibilidade\\\/\",\"url\":\"https:\\\/\\\/easy-plan.net\\\/pt-br\\\/declaracao-de-acessibilidade\\\/\",\"name\":\"Declara\u00e7\u00e3o de acessibilidade - \u05e4\u05dc\u05d8\u05e4\u05d5\u05e8\u05de\u05d4 \u05dc\u05e0\u05d9\u05d4\u05d5\u05dc \u05e2\u05e1\u05e7\u05d9\u05dd|Easy-Plan\",\"isPartOf\":{\"@id\":\"https:\\\/\\\/easy-plan.net\\\/pt-br\\\/#website\"},\"datePublished\":\"2025-01-29T08:38:17+00:00\",\"dateModified\":\"2025-04-01T13:48:22+00:00\",\"breadcrumb\":{\"@id\":\"https:\\\/\\\/easy-plan.net\\\/pt-br\\\/declaracao-de-acessibilidade\\\/#breadcrumb\"},\"inLanguage\":\"pt-BR\",\"potentialAction\":[{\"@type\":\"ReadAction\",\"target\":[\"https:\\\/\\\/easy-plan.net\\\/pt-br\\\/declaracao-de-acessibilidade\\\/\"]}]},{\"@type\":\"BreadcrumbList\",\"@id\":\"https:\\\/\\\/easy-plan.net\\\/pt-br\\\/declaracao-de-acessibilidade\\\/#breadcrumb\",\"itemListElement\":[{\"@type\":\"ListItem\",\"position\":1,\"name\":\"Home\",\"item\":\"https:\\\/\\\/easy-plan.net\\\/pt-br\\\/lar\\\/\"},{\"@type\":\"ListItem\",\"position\":2,\"name\":\"Declara\u00e7\u00e3o de acessibilidade\"}]},{\"@type\":\"WebSite\",\"@id\":\"https:\\\/\\\/easy-plan.net\\\/pt-br\\\/#website\",\"url\":\"https:\\\/\\\/easy-plan.net\\\/pt-br\\\/\",\"name\":\"\u05e4\u05dc\u05d8\u05e4\u05d5\u05e8\u05de\u05d4 \u05dc\u05e0\u05d9\u05d4\u05d5\u05dc \u05e2\u05e1\u05e7\u05d9\u05dd|Easy-Plan\",\"description\":\"\u05de\u05e2\u05e8\u05db\u05ea \u05e0\u05d9\u05d4\u05d5\u05dc \u05d7\u05db\u05de\u05d4 \u05dc\u05e2\u05e1\u05e7\u05d9\u05dd\",\"publisher\":{\"@id\":\"https:\\\/\\\/easy-plan.net\\\/pt-br\\\/#organization\"},\"potentialAction\":[{\"@type\":\"SearchAction\",\"target\":{\"@type\":\"EntryPoint\",\"urlTemplate\":\"https:\\\/\\\/easy-plan.net\\\/pt-br\\\/?s={search_term_string}\"},\"query-input\":{\"@type\":\"PropertyValueSpecification\",\"valueRequired\":true,\"valueName\":\"search_term_string\"}}],\"inLanguage\":\"pt-BR\"},{\"@type\":\"Organization\",\"@id\":\"https:\\\/\\\/easy-plan.net\\\/pt-br\\\/#organization\",\"name\":\"\u05e4\u05dc\u05d8\u05e4\u05d5\u05e8\u05de\u05d4 \u05dc\u05e0\u05d9\u05d4\u05d5\u05dc \u05e2\u05e1\u05e7\u05d9\u05dd|Easy-Plan\",\"url\":\"https:\\\/\\\/easy-plan.net\\\/pt-br\\\/\",\"logo\":{\"@type\":\"ImageObject\",\"inLanguage\":\"pt-BR\",\"@id\":\"https:\\\/\\\/easy-plan.net\\\/pt-br\\\/#\\\/schema\\\/logo\\\/image\\\/\",\"url\":\"https:\\\/\\\/easy-plan.net\\\/wp-content\\\/uploads\\\/2024\\\/12\\\/Easy-Plan-logo-and-slogan-color.png\",\"contentUrl\":\"https:\\\/\\\/easy-plan.net\\\/wp-content\\\/uploads\\\/2024\\\/12\\\/Easy-Plan-logo-and-slogan-color.png\",\"width\":3333,\"height\":833,\"caption\":\"\u05e4\u05dc\u05d8\u05e4\u05d5\u05e8\u05de\u05d4 \u05dc\u05e0\u05d9\u05d4\u05d5\u05dc \u05e2\u05e1\u05e7\u05d9\u05dd|Easy-Plan\"},\"image\":{\"@id\":\"https:\\\/\\\/easy-plan.net\\\/pt-br\\\/#\\\/schema\\\/logo\\\/image\\\/\"}}]}<\/script>\n<!-- \/ Yoast SEO plugin. -->","yoast_head_json":{"title":"Declara\u00e7\u00e3o de acessibilidade - \u05e4\u05dc\u05d8\u05e4\u05d5\u05e8\u05de\u05d4 \u05dc\u05e0\u05d9\u05d4\u05d5\u05dc \u05e2\u05e1\u05e7\u05d9\u05dd|Easy-Plan","robots":{"index":"index","follow":"follow","max-snippet":"max-snippet:-1","max-image-preview":"max-image-preview:large","max-video-preview":"max-video-preview:-1"},"canonical":"https:\/\/easy-plan.net\/pt-br\/declaracao-de-acessibilidade\/","og_locale":"pt_BR","og_type":"article","og_title":"Declara\u00e7\u00e3o de acessibilidade - \u05e4\u05dc\u05d8\u05e4\u05d5\u05e8\u05de\u05d4 \u05dc\u05e0\u05d9\u05d4\u05d5\u05dc \u05e2\u05e1\u05e7\u05d9\u05dd|Easy-Plan","og_description":"Declara\u00e7\u00e3o de acessibilidade Para baixar o documento declara\u00e7\u00e3o de acessibilidade Investimos nossos maiores esfor\u00e7os e muitos recursos para oferecer a todos os nossos clientes um servi\u00e7o justo, respeitoso, acess\u00edvel e profissional. De acordo com a Lei de Igualdade de Direitos para Pessoas com Defici\u00eancia de 1998 e os regulamentos promulgados sob ela, esfor\u00e7os e recursos [&hellip;]","og_url":"https:\/\/easy-plan.net\/pt-br\/declaracao-de-acessibilidade\/","og_site_name":"\u05e4\u05dc\u05d8\u05e4\u05d5\u05e8\u05de\u05d4 \u05dc\u05e0\u05d9\u05d4\u05d5\u05dc \u05e2\u05e1\u05e7\u05d9\u05dd|Easy-Plan","article_modified_time":"2025-04-01T13:48:22+00:00","twitter_card":"summary_large_image","twitter_misc":{"Est. tempo de leitura":"3 minutos"},"schema":{"@context":"https:\/\/schema.org","@graph":[{"@type":"WebPage","@id":"https:\/\/easy-plan.net\/pt-br\/declaracao-de-acessibilidade\/","url":"https:\/\/easy-plan.net\/pt-br\/declaracao-de-acessibilidade\/","name":"Declara\u00e7\u00e3o de acessibilidade - \u05e4\u05dc\u05d8\u05e4\u05d5\u05e8\u05de\u05d4 \u05dc\u05e0\u05d9\u05d4\u05d5\u05dc \u05e2\u05e1\u05e7\u05d9\u05dd|Easy-Plan","isPartOf":{"@id":"https:\/\/easy-plan.net\/pt-br\/#website"},"datePublished":"2025-01-29T08:38:17+00:00","dateModified":"2025-04-01T13:48:22+00:00","breadcrumb":{"@id":"https:\/\/easy-plan.net\/pt-br\/declaracao-de-acessibilidade\/#breadcrumb"},"inLanguage":"pt-BR","potentialAction":[{"@type":"ReadAction","target":["https:\/\/easy-plan.net\/pt-br\/declaracao-de-acessibilidade\/"]}]},{"@type":"BreadcrumbList","@id":"https:\/\/easy-plan.net\/pt-br\/declaracao-de-acessibilidade\/#breadcrumb","itemListElement":[{"@type":"ListItem","position":1,"name":"Home","item":"https:\/\/easy-plan.net\/pt-br\/lar\/"},{"@type":"ListItem","position":2,"name":"Declara\u00e7\u00e3o de acessibilidade"}]},{"@type":"WebSite","@id":"https:\/\/easy-plan.net\/pt-br\/#website","url":"https:\/\/easy-plan.net\/pt-br\/","name":"\u05e4\u05dc\u05d8\u05e4\u05d5\u05e8\u05de\u05d4 \u05dc\u05e0\u05d9\u05d4\u05d5\u05dc \u05e2\u05e1\u05e7\u05d9\u05dd|Easy-Plan","description":"\u05de\u05e2\u05e8\u05db\u05ea \u05e0\u05d9\u05d4\u05d5\u05dc \u05d7\u05db\u05de\u05d4 \u05dc\u05e2\u05e1\u05e7\u05d9\u05dd","publisher":{"@id":"https:\/\/easy-plan.net\/pt-br\/#organization"},"potentialAction":[{"@type":"SearchAction","target":{"@type":"EntryPoint","urlTemplate":"https:\/\/easy-plan.net\/pt-br\/?s={search_term_string}"},"query-input":{"@type":"PropertyValueSpecification","valueRequired":true,"valueName":"search_term_string"}}],"inLanguage":"pt-BR"},{"@type":"Organization","@id":"https:\/\/easy-plan.net\/pt-br\/#organization","name":"\u05e4\u05dc\u05d8\u05e4\u05d5\u05e8\u05de\u05d4 \u05dc\u05e0\u05d9\u05d4\u05d5\u05dc \u05e2\u05e1\u05e7\u05d9\u05dd|Easy-Plan","url":"https:\/\/easy-plan.net\/pt-br\/","logo":{"@type":"ImageObject","inLanguage":"pt-BR","@id":"https:\/\/easy-plan.net\/pt-br\/#\/schema\/logo\/image\/","url":"https:\/\/easy-plan.net\/wp-content\/uploads\/2024\/12\/Easy-Plan-logo-and-slogan-color.png","contentUrl":"https:\/\/easy-plan.net\/wp-content\/uploads\/2024\/12\/Easy-Plan-logo-and-slogan-color.png","width":3333,"height":833,"caption":"\u05e4\u05dc\u05d8\u05e4\u05d5\u05e8\u05de\u05d4 \u05dc\u05e0\u05d9\u05d4\u05d5\u05dc \u05e2\u05e1\u05e7\u05d9\u05dd|Easy-Plan"},"image":{"@id":"https:\/\/easy-plan.net\/pt-br\/#\/schema\/logo\/image\/"}}]}},"_links":{"self":[{"href":"https:\/\/easy-plan.net\/pt-br\/wp-json\/wp\/v2\/pages\/7001","targetHints":{"allow":["GET"]}}],"collection":[{"href":"https:\/\/easy-plan.net\/pt-br\/wp-json\/wp\/v2\/pages"}],"about":[{"href":"https:\/\/easy-plan.net\/pt-br\/wp-json\/wp\/v2\/types\/page"}],"author":[{"embeddable":true,"href":"https:\/\/easy-plan.net\/pt-br\/wp-json\/wp\/v2\/users\/2"}],"replies":[{"embeddable":true,"href":"https:\/\/easy-plan.net\/pt-br\/wp-json\/wp\/v2\/comments?post=7001"}],"version-history":[{"count":3,"href":"https:\/\/easy-plan.net\/pt-br\/wp-json\/wp\/v2\/pages\/7001\/revisions"}],"predecessor-version":[{"id":8125,"href":"https:\/\/easy-plan.net\/pt-br\/wp-json\/wp\/v2\/pages\/7001\/revisions\/8125"}],"wp:attachment":[{"href":"https:\/\/easy-plan.net\/pt-br\/wp-json\/wp\/v2\/media?parent=7001"}],"curies":[{"name":"wp","href":"https:\/\/api.w.org\/{rel}","templated":true}]}}